{"id":16162,"date":"2019-04-25T21:00:10","date_gmt":"2019-04-25T21:00:10","guid":{"rendered":"http:\/\/arpac.edu.mx\/archivos\/?page_id=16162"},"modified":"2023-12-13T20:24:24","modified_gmt":"2023-12-13T20:24:24","slug":"inicio","status":"publish","type":"page","link":"https:\/\/arpac.edu.mx\/archivos\/","title":{"rendered":"INICIO"},"content":{"rendered":"<p>[vc_row css_animation=&#8221;&#8221; row_type=&#8221;row&#8221; use_row_as_full_screen_section=&#8221;no&#8221; type=&#8221;full_width&#8221; angled_section=&#8221;no&#8221; text_align=&#8221;left&#8221; background_image_as_pattern=&#8221;without_pattern&#8221;][vc_column css=&#8221;.vc_custom_1556389454335{background-color: #cee0e1 !important;}&#8221;][vc_column_text]<\/p>\n<h1 style=\"text-align: center; font-size: 3vw; color: white; text-shadow: 1px 1px 2px black;\"><strong>MAESTRIAS AVALADAS POR LA SEP<\/strong><\/h1>\n<p>[\/vc_column_text][\/vc_column][\/vc_row][vc_row css_animation=&#8221;&#8221; row_type=&#8221;row&#8221; use_row_as_full_screen_section=&#8221;yes&#8221; type=&#8221;full_width&#8221; angled_section=&#8221;no&#8221; text_align=&#8221;center&#8221; background_image_as_pattern=&#8221;without_pattern&#8221; z_index=&#8221;&#8221; background_color=&#8221;#cee0e1&#8243; css=&#8221;.vc_custom_1556389185060{padding-top: 10px !important;padding-bottom: 30px !important;}&#8221;][vc_column parallax=&#8221;content-moving&#8221; css_animation=&#8221;fadeIn&#8221; width=&#8221;1\/3&#8243;]<div class=\"qode-info-card\">\n\t\t\t<div class=\"qode-info-card-image\" style=\"background-color:#fff\">\n\t\t\t<img decoding=\"async\" src=\"https:\/\/arpac.edu.mx\/archivos\/wp-content\/uploads\/2019\/04\/INICIO-MAESTRIA-1.png\" alt=\"\" \/>\n\t\t<\/div>\n\t\t<div class=\"qode-info-card-text-holder\" style=\"background-color:#fff\">\n\t\t\t\t\t<h3 class=\"qode-info-card-title\" >\n\t\t\t\tMaestr\u00eda en Psicoan\u00e1lisis\t\t\t<\/h3>\n\t\t\t\t\t<\/div>\n\t\t\t<div class=\"qode-info-card-link-holder\">\n\t\t\t<a itemprop=\"url\" class=\"qode-qbutton-main-color qode-qbutton-full-width qode-qbutton-square\" href=\"https:\/\/arpac.edu.mx\/archivos\/programas-academicos\/maestria-en-psicoanalisis-2\/\" target=\"_self\" style=\"background-color:#1e4368;height:30px;line-height:30px\"><span>CONOCE M\u00c1S<\/span><\/a>\n\t\t<\/div>\n\t<\/div>[\/vc_column][vc_column parallax=&#8221;content-moving&#8221; css_animation=&#8221;fadeIn&#8221; width=&#8221;1\/3&#8243;]<div class=\"qode-info-card\">\n\t\t\t<div class=\"qode-info-card-image\" style=\"background-color:#fff\">\n\t\t\t<img decoding=\"async\" src=\"https:\/\/arpac.edu.mx\/archivos\/wp-content\/uploads\/2019\/04\/maestria-ninos.png\" alt=\"\" \/>\n\t\t<\/div>\n\t\t<div class=\"qode-info-card-text-holder\" style=\"background-color:#fff\">\n\t\t\t\t\t<h3 class=\"qode-info-card-title\" >\n\t\t\t\tMaestr\u00eda en Psicoterapia de Ni\u00f1os y Adolescentes\t\t\t<\/h3>\n\t\t\t\t\t<\/div>\n\t\t\t<div class=\"qode-info-card-link-holder\">\n\t\t\t<a itemprop=\"url\" class=\"qode-qbutton-main-color qode-qbutton-full-width qode-qbutton-square\" href=\"https:\/\/arpac.edu.mx\/archivos\/programas-academicos\/maestria-psicoterapia-ninos-y-adolescentes\" target=\"_self\" style=\"background-color:#1e4368;height:30px;line-height:30px\"><span>CONOCE M\u00c1S<\/span><\/a>\n\t\t<\/div>\n\t<\/div>[\/vc_column][vc_column parallax=&#8221;content-moving&#8221; css_animation=&#8221;fadeIn&#8221; width=&#8221;1\/3&#8243;]<div class=\"qode-info-card\">\n\t\t\t<div class=\"qode-info-card-image\" style=\"background-color:#fff\">\n\t\t\t<img decoding=\"async\" src=\"https:\/\/arpac.edu.mx\/archivos\/wp-content\/uploads\/2019\/05\/inicio-maestria-adultos-2.jpg\" alt=\"\" \/>\n\t\t<\/div>\n\t\t<div class=\"qode-info-card-text-holder\" style=\"background-color:#fff\">\n\t\t\t\t\t<h3 class=\"qode-info-card-title\" >\n\t\t\t\tMaestr\u00eda en Psicoterapia de Adultos\t\t\t<\/h3>\n\t\t\t\t\t<\/div>\n\t\t\t<div class=\"qode-info-card-link-holder\">\n\t\t\t<a itemprop=\"url\" class=\"qode-qbutton-main-color qode-qbutton-full-width qode-qbutton-square\" href=\"https:\/\/arpac.edu.mx\/archivos\/programas-academicos\/maestria-en-psicoterapia-de-adultos\/\" target=\"_self\" style=\"background-color:#1e4368;height:30px;line-height:30px\"><span>CONOCE M\u00c1S<\/span><\/a>\n\t\t<\/div>\n\t<\/div>[\/vc_column][\/vc_row][vc_row css_animation=&#8221;&#8221; row_type=&#8221;row&#8221; use_row_as_full_screen_section=&#8221;no&#8221; type=&#8221;full_width&#8221; angled_section=&#8221;no&#8221; text_align=&#8221;left&#8221; background_image_as_pattern=&#8221;without_pattern&#8221;][vc_column][vc_empty_space height=&#8221;50px&#8221;][\/vc_column][\/vc_row][vc_row css_animation=&#8221;&#8221; row_type=&#8221;row&#8221; use_row_as_full_screen_section=&#8221;no&#8221; type=&#8221;full_width&#8221; angled_section=&#8221;no&#8221; text_align=&#8221;center&#8221; background_image_as_pattern=&#8221;without_pattern&#8221; z_index=&#8221;&#8221;][vc_column][vc_column_text]<\/p>\n<h1 style=\"font-size: 3vw; color: lightgrey; text-shadow: black 1px 1px 2px; text-align: center;\"><strong>NOTICIAS Y\u00a0EVENTOS<\/strong><\/h1>\n<h1 style=\"font-size: 3vw; color: lightgrey; text-shadow: black 1px 1px 2px; text-align: center;\"><strong>RECIENTES<\/strong><\/h1>\n<p>[\/vc_column_text][\/vc_column][\/vc_row][vc_row css_animation=&#8221;&#8221; row_type=&#8221;row&#8221; use_row_as_full_screen_section=&#8221;no&#8221; type=&#8221;full_width&#8221; angled_section=&#8221;no&#8221; text_align=&#8221;left&#8221; background_image_as_pattern=&#8221;without_pattern&#8221;][vc_column][vc_empty_space height=&#8221;50px&#8221;][\/vc_column][\/vc_row][vc_row css_animation=&#8221;&#8221; row_type=&#8221;row&#8221; use_row_as_full_screen_section=&#8221;no&#8221; type=&#8221;full_width&#8221; angled_section=&#8221;no&#8221; text_align=&#8221;left&#8221; background_image_as_pattern=&#8221;without_pattern&#8221;][vc_column]\n<div class='latest_post_holder boxes three_columns one_row' >\n    <ul>\n    \n        <li class=\"clearfix\">\n            <div class=\"boxes_image\">\n                <a itemprop=\"url\" href=\"https:\/\/arpac.edu.mx\/archivos\/congreso-2024\/\"><img loading=\"lazy\" decoding=\"async\" width=\"539\" height=\"303\" src=\"https:\/\/arpac.edu.mx\/archivos\/wp-content\/uploads\/2024\/02\/Congreso-ARPAC-539x303.jpg\" class=\"attachment-latest_post_boxes size-latest_post_boxes wp-post-image\" alt=\"\" \/><\/a>\n            <\/div>\n            <div class=\"latest_post\"   style=&#039; padding-left:0; padding-right:0; &#039;>\n                <div class=\"latest_post_text\">\n                    <div class=\"latest_post_inner\">\n                        <div class=\"latest_post_text_inner\">\n                            <h2 itemprop=\"name\" class=\"latest_post_title entry_title\"><a itemprop=\"url\" href=\"https:\/\/arpac.edu.mx\/archivos\/congreso-2024\/\">CONGRESO 2024<\/a><\/h2>\n                            <p class=\"excerpt\">En este congreso nos proponemos examinar cr\u00edticamente las distintas corrientes del psicoan\u00e1lisis contempor\u00e1neo  explorando su relevancia y aplicabilidad en el contexto actual....<\/p>\n                            <span class=\"post_infos\">\n                                                                    <span class=\"date_hour_holder\">\n                                        <span itemprop=\"dateCreated\" class=\"date entry_date updated\">19 diciembre, 2023 <meta itemprop=\"interactionCount\" content=\"UserComments: 0\"\/><\/span>\n                                    <\/span>\n                                                                                                    <span class=\"dots\"><i class=\"fa fa-square\"><\/i><\/span>\n                                                                            <a itemprop=\"url\" href=\"https:\/\/arpac.edu.mx\/archivos\/category\/uncategorized\/\">Uncategorized<\/a>\n                                                                    \n                                \n                                                            <\/span>\n                        <\/div>\n                    <\/div>\n                <\/div>\n            <\/div>\n        <\/li>\n        <\/ul>\n<\/div>[vc_empty_space height=&#8221;15px&#8221;][\/vc_column][\/vc_row][vc_row css_animation=&#8221;&#8221; row_type=&#8221;row&#8221; use_row_as_full_screen_section=&#8221;no&#8221; type=&#8221;full_width&#8221; angled_section=&#8221;no&#8221; text_align=&#8221;right&#8221; background_image_as_pattern=&#8221;without_pattern&#8221; css=&#8221;.vc_custom_1556402050284{margin-right: 20px !important;}&#8221; z_index=&#8221;&#8221;][vc_column]<a  itemprop=\"url\" href=\"http:\/\/arpac.edu.mx\/noticias\" target=\"_self\" data-hover-color=#e0e0e0 class=\"qbutton  medium default\" style=\"color: #ffffff; font-style: italic; font-weight: 700; font-size: 15px; background-color: #1e4368;\">PARA M\u00c1S ANUNCIOS ENTRA AQU\u00cd<i class=\"qode_icon_font_awesome fa fa-arrow-right qode_button_icon_element\" style=\"\" ><\/i><\/a>[vc_empty_space height=&#8221;35px&#8221;][\/vc_column][vc_column][\/vc_column][\/vc_row]<\/p>\n","protected":false},"excerpt":{"rendered":"<p>[vc_row css_animation=&#8221;&#8221; row_type=&#8221;row&#8221; use_row_as_full_screen_section=&#8221;no&#8221; type=&#8221;full_width&#8221; angled_section=&#8221;no&#8221; text_align=&#8221;left&#8221; background_image_as_pattern=&#8221;without_pattern&#8221;][vc_column css=&#8221;.vc_custom_1556389454335{background-color: #cee0e1 !important;}&#8221;][vc_column_text] MAESTRIAS AVALADAS POR LA SEP [\/vc_column_text][\/vc_column][\/vc_row][vc_row css_animation=&#8221;&#8221; row_type=&#8221;row&#8221; use_row_as_full_screen_section=&#8221;yes&#8221; type=&#8221;full_width&#8221; angled_section=&#8221;no&#8221; text_align=&#8221;center&#8221; background_image_as_pattern=&#8221;without_pattern&#8221; z_index=&#8221;&#8221; background_color=&#8221;#cee0e1&#8243; css=&#8221;.vc_custom_1556389185060{padding-top: 10px !important;padding-bottom: 30px !important;}&#8221;][vc_column parallax=&#8221;content-moving&#8221; css_animation=&#8221;fadeIn&#8221; width=&#8221;1\/3&#8243;][\/vc_column][vc_column parallax=&#8221;content-moving&#8221; css_animation=&#8221;fadeIn&#8221; width=&#8221;1\/3&#8243;][\/vc_column][vc_column parallax=&#8221;content-moving&#8221; css_animation=&#8221;fadeIn&#8221; width=&#8221;1\/3&#8243;][\/vc_column][\/vc_row][vc_row css_animation=&#8221;&#8221; row_type=&#8221;row&#8221; use_row_as_full_screen_section=&#8221;no&#8221; type=&#8221;full_width&#8221; angled_section=&#8221;no&#8221;&#8230;<\/p>\n","protected":false},"author":1,"featured_media":17138,"parent":0,"menu_order":0,"comment_status":"closed","ping_status":"closed","template":"","meta":{"footnotes":""},"_links":{"self":[{"href":"https:\/\/arpac.edu.mx\/archivos\/wp-json\/wp\/v2\/pages\/16162"}],"collection":[{"href":"https:\/\/arpac.edu.mx\/archivos\/wp-json\/wp\/v2\/pages"}],"about":[{"href":"https:\/\/arpac.edu.mx\/archivos\/wp-json\/wp\/v2\/types\/page"}],"author":[{"embeddable":true,"href":"https:\/\/arpac.edu.mx\/archivos\/wp-json\/wp\/v2\/users\/1"}],"replies":[{"embeddable":true,"href":"https:\/\/arpac.edu.mx\/archivos\/wp-json\/wp\/v2\/comments?post=16162"}],"version-history":[{"count":24,"href":"https:\/\/arpac.edu.mx\/archivos\/wp-json\/wp\/v2\/pages\/16162\/revisions"}],"predecessor-version":[{"id":17179,"href":"https:\/\/arpac.edu.mx\/archivos\/wp-json\/wp\/v2\/pages\/16162\/revisions\/17179"}],"wp:featuredmedia":[{"embeddable":true,"href":"https:\/\/arpac.edu.mx\/archivos\/wp-json\/wp\/v2\/media\/17138"}],"wp:attachment":[{"href":"https:\/\/arpac.edu.mx\/archivos\/wp-json\/wp\/v2\/media?parent=16162"}],"curies":[{"name":"wp","href":"https:\/\/api.w.org\/{rel}","templated":true}]}}