{"id":16546,"date":"2021-03-18T18:15:36","date_gmt":"2021-03-18T18:15:36","guid":{"rendered":"http:\/\/arpac.edu.mx\/archivos\/?page_id=16546"},"modified":"2021-03-19T00:13:49","modified_gmt":"2021-03-19T00:13:49","slug":"maestria-psicoterapia-ninos-y-adolescentes","status":"publish","type":"page","link":"https:\/\/arpac.edu.mx\/archivos\/programas-academicos\/maestria-psicoterapia-ninos-y-adolescentes\/","title":{"rendered":"MAESTR\u00cdA EN PSICOTERAPIA DE NI\u00d1OS Y ADOLESCENTES"},"content":{"rendered":"<p>[vc_row css_animation=&#8221;&#8221; row_type=&#8221;row&#8221; use_row_as_full_screen_section=&#8221;no&#8221; type=&#8221;full_width&#8221; angled_section=&#8221;no&#8221; text_align=&#8221;left&#8221; background_image_as_pattern=&#8221;without_pattern&#8221;][vc_column][vc_column_text]<\/p>\n<h1>MAESTR\u00cdA EN PSICOTERAPIA DE NI\u00d1OS Y ADOLESCENTES<\/h1>\n<p>[\/vc_column_text][\/vc_column][\/vc_row][vc_row css_animation=&#8221;&#8221; row_type=&#8221;row&#8221; use_row_as_full_screen_section=&#8221;no&#8221; type=&#8221;full_width&#8221; angled_section=&#8221;no&#8221; text_align=&#8221;left&#8221; background_image_as_pattern=&#8221;without_pattern&#8221;][vc_column][vc_empty_space][\/vc_column][\/vc_row][vc_row css_animation=&#8221;&#8221; row_type=&#8221;row&#8221; use_row_as_full_screen_section=&#8221;no&#8221; type=&#8221;full_width&#8221; angled_section=&#8221;no&#8221; text_align=&#8221;left&#8221; background_image_as_pattern=&#8221;without_pattern&#8221;][vc_column width=&#8221;1\/6&#8243;][\/vc_column][vc_column width=&#8221;2\/3&#8243;][vc_tabs style=&#8221;boxed&#8221;][vc_tab title=&#8221;DURACI\u00d3N:&#8221; tab_id=&#8221;b2e91165-cf9d-0&#8243;][vc_column_text]<\/p>\n<p style=\"text-align: left;\">3 a\u00f1os (6 semestres)<\/p>\n<p>[\/vc_column_text][\/vc_tab][vc_tab title=&#8221;DIRIGIDO A:&#8221; tab_id=&#8221;9655d8df-1986-9&#8243;][vc_column_text]<\/p>\n<ul>\n<li>Titulados en: medicina, psicolog\u00eda, sociolog\u00eda, trabajo social, filosof\u00eda, enfermer\u00eda, historia, antropolog\u00eda, educaci\u00f3n y nutrici\u00f3n<\/li>\n<\/ul>\n<p>[\/vc_column_text][\/vc_tab][vc_tab title=&#8221;ACUERDO:&#8221; tab_id=&#8221;1556850092372-2-1&#8243;][vc_column_text]Acuerdo No.: AM-V 247\/2009[\/vc_column_text][\/vc_tab][vc_tab title=&#8221;RECONOCIMIENTO POR:&#8221; tab_id=&#8221;1560273068611-3-3&#8243;][vc_column_text]<img loading=\"lazy\" decoding=\"async\" class=\"size-medium wp-image-16537 aligncenter\" src=\"https:\/\/arpac.edu.mx\/archivos\/wp-content\/uploads\/2019\/05\/sep-logo-300x103.png\" alt=\"\" width=\"300\" height=\"103\" srcset=\"https:\/\/arpac.edu.mx\/archivos\/wp-content\/uploads\/2019\/05\/sep-logo-300x103.png 300w, https:\/\/arpac.edu.mx\/archivos\/wp-content\/uploads\/2019\/05\/sep-logo-768x263.png 768w, https:\/\/arpac.edu.mx\/archivos\/wp-content\/uploads\/2019\/05\/sep-logo-1024x351.png 1024w, https:\/\/arpac.edu.mx\/archivos\/wp-content\/uploads\/2019\/05\/sep-logo-700x240.png 700w, https:\/\/arpac.edu.mx\/archivos\/wp-content\/uploads\/2019\/05\/sep-logo.png 1280w\" sizes=\"(max-width: 300px) 100vw, 300px\" \/>[\/vc_column_text][\/vc_tab][\/vc_tabs][\/vc_column][vc_column width=&#8221;1\/6&#8243;][\/vc_column][\/vc_row][vc_row css_animation=&#8221;&#8221; row_type=&#8221;row&#8221; use_row_as_full_screen_section=&#8221;no&#8221; type=&#8221;full_width&#8221; angled_section=&#8221;no&#8221; text_align=&#8221;left&#8221; background_image_as_pattern=&#8221;without_pattern&#8221;][vc_column][vc_empty_space height=&#8221;60px&#8221;][\/vc_column][\/vc_row][vc_row css_animation=&#8221;&#8221; row_type=&#8221;row&#8221; use_row_as_full_screen_section=&#8221;no&#8221; type=&#8221;full_width&#8221; angled_section=&#8221;no&#8221; text_align=&#8221;left&#8221; background_image_as_pattern=&#8221;without_pattern&#8221;][vc_column width=&#8221;1\/6&#8243;][\/vc_column][vc_column width=&#8221;2\/3&#8243;]<div class=\"qode-accordion-holder clearfix qode-accordion qode-initial \">\n\t<h4 class=\"clearfix qode-title-holder\">\n<span class=\"qode-tab-title\">\n\t    <span class=\"qode-tab-title-inner\">\n        PRIMER SEMESTRE    <\/span>\n<\/span>\n<span class=\"qode-accordion-mark\">\n    <span class=\"qode-accordion-mark-icon\">\n        <span class=\"icon_plus\"><\/span>\n        <span class=\"icon_minus-06\"><\/span>\n    <\/span>\n<\/span>\n<\/h4>\n<div  class=\"qode-accordion-content \" >\n    <div class=\"qode-accordion-content-inner\">\n        [vc_column_text]<\/p>\n<ul>\n<li>Teor\u00eda del Desarrollo I<\/li>\n<li>Psicopatolog\u00eda I<\/li>\n<li>T\u00e9cnica I<\/li>\n<li>Teor\u00eda Psicoanal\u00edtica I<\/li>\n<li>T\u00e9cnicas Proyectivas<\/li>\n<\/ul>\n<p>[\/vc_column_text]    <\/div>\n<\/div><h4 class=\"clearfix qode-title-holder\">\n<span class=\"qode-tab-title\">\n\t    <span class=\"qode-tab-title-inner\">\n        SEGUNDO SEMESTRE    <\/span>\n<\/span>\n<span class=\"qode-accordion-mark\">\n    <span class=\"qode-accordion-mark-icon\">\n        <span class=\"icon_plus\"><\/span>\n        <span class=\"icon_minus-06\"><\/span>\n    <\/span>\n<\/span>\n<\/h4>\n<div  class=\"qode-accordion-content \" >\n    <div class=\"qode-accordion-content-inner\">\n        [vc_column_text]<\/p>\n<ul>\n<li>Teor\u00eda del Desarrollo II<\/li>\n<li>Psicopatolog\u00eda II<\/li>\n<li>T\u00e9cnica II<\/li>\n<li>Casos Cl\u00ednicos<\/li>\n<li>Grupo Control I.<\/li>\n<\/ul>\n<p>[\/vc_column_text]    <\/div>\n<\/div><h4 class=\"clearfix qode-title-holder\">\n<span class=\"qode-tab-title\">\n\t    <span class=\"qode-tab-title-inner\">\n        TERCER SEMESTRE    <\/span>\n<\/span>\n<span class=\"qode-accordion-mark\">\n    <span class=\"qode-accordion-mark-icon\">\n        <span class=\"icon_plus\"><\/span>\n        <span class=\"icon_minus-06\"><\/span>\n    <\/span>\n<\/span>\n<\/h4>\n<div  class=\"qode-accordion-content \" >\n    <div class=\"qode-accordion-content-inner\">\n        [vc_column_text]<\/p>\n<ul>\n<li>Teor\u00eda del Desarrollo III<\/li>\n<li>Psicopatolog\u00eda III<\/li>\n<li>T\u00e9cnica III<\/li>\n<li>Teor\u00eda Psicoanal\u00edtica III<\/li>\n<li>Grupo Control II<\/li>\n<\/ul>\n<p>[\/vc_column_text]    <\/div>\n<\/div><h4 class=\"clearfix qode-title-holder\">\n<span class=\"qode-tab-title\">\n\t    <span class=\"qode-tab-title-inner\">\n        CUARTO SEMESTRE    <\/span>\n<\/span>\n<span class=\"qode-accordion-mark\">\n    <span class=\"qode-accordion-mark-icon\">\n        <span class=\"icon_plus\"><\/span>\n        <span class=\"icon_minus-06\"><\/span>\n    <\/span>\n<\/span>\n<\/h4>\n<div  class=\"qode-accordion-content \" >\n    <div class=\"qode-accordion-content-inner\">\n        [vc_column_text]<\/p>\n<ul>\n<li>Teor\u00eda del Desarrollo III<\/li>\n<li>Psicopatolog\u00eda III<\/li>\n<li>T\u00e9cnica III<\/li>\n<li>Teor\u00eda Psicoanal\u00edtica III<\/li>\n<li>Grupo Control II<\/li>\n<\/ul>\n<p>[\/vc_column_text]    <\/div>\n<\/div><h4 class=\"clearfix qode-title-holder\">\n<span class=\"qode-tab-title\">\n\t    <span class=\"qode-tab-title-inner\">\n        QUINTO SEMESTRE    <\/span>\n<\/span>\n<span class=\"qode-accordion-mark\">\n    <span class=\"qode-accordion-mark-icon\">\n        <span class=\"icon_plus\"><\/span>\n        <span class=\"icon_minus-06\"><\/span>\n    <\/span>\n<\/span>\n<\/h4>\n<div  class=\"qode-accordion-content \" >\n    <div class=\"qode-accordion-content-inner\">\n        [vc_column_text]<\/p>\n<ul>\n<li>Teor\u00eda del Desarrollo V<\/li>\n<li>Psicopatolog\u00eda V<\/li>\n<li>T\u00e9cnica V<\/li>\n<li>Teor\u00eda Psicoanal\u00edtica V<\/li>\n<li>Grupo Control IV<\/li>\n<\/ul>\n<p>[\/vc_column_text]    <\/div>\n<\/div><h4 class=\"clearfix qode-title-holder\">\n<span class=\"qode-tab-title\">\n\t    <span class=\"qode-tab-title-inner\">\n        SEXTO SEMESTRE    <\/span>\n<\/span>\n<span class=\"qode-accordion-mark\">\n    <span class=\"qode-accordion-mark-icon\">\n        <span class=\"icon_plus\"><\/span>\n        <span class=\"icon_minus-06\"><\/span>\n    <\/span>\n<\/span>\n<\/h4>\n<div  class=\"qode-accordion-content \" >\n    <div class=\"qode-accordion-content-inner\">\n        [vc_column_text]<\/p>\n<ul>\n<li>Teor\u00eda del Desarrollo VI<\/li>\n<li>Psicopatolog\u00eda VI<\/li>\n<li>T\u00e9cnica VI<\/li>\n<li>Teor\u00eda Psicoanal\u00edtica VI<\/li>\n<li>Grupo Control V<\/li>\n<\/ul>\n<p>[\/vc_column_text]    <\/div>\n<\/div><\/div>[\/vc_column][vc_column width=&#8221;1\/6&#8243;][\/vc_column][\/vc_row][vc_row css_animation=&#8221;&#8221; row_type=&#8221;row&#8221; use_row_as_full_screen_section=&#8221;no&#8221; type=&#8221;full_width&#8221; angled_section=&#8221;no&#8221; text_align=&#8221;left&#8221; background_image_as_pattern=&#8221;without_pattern&#8221;][vc_column][vc_empty_space height=&#8221;60px&#8221;][\/vc_column][\/vc_row]<\/p>\n","protected":false},"excerpt":{"rendered":"<p>[vc_row css_animation=&#8221;&#8221; row_type=&#8221;row&#8221; use_row_as_full_screen_section=&#8221;no&#8221; type=&#8221;full_width&#8221; angled_section=&#8221;no&#8221; text_align=&#8221;left&#8221; background_image_as_pattern=&#8221;without_pattern&#8221;][vc_column][vc_column_text] MAESTR\u00cdA EN PSICOTERAPIA DE NI\u00d1OS Y ADOLESCENTES [\/vc_column_text][\/vc_column][\/vc_row][vc_row css_animation=&#8221;&#8221; row_type=&#8221;row&#8221; use_row_as_full_screen_section=&#8221;no&#8221; type=&#8221;full_width&#8221; angled_section=&#8221;no&#8221; text_align=&#8221;left&#8221; background_image_as_pattern=&#8221;without_pattern&#8221;][vc_column][vc_empty_space][\/vc_column][\/vc_row][vc_row css_animation=&#8221;&#8221; row_type=&#8221;row&#8221; use_row_as_full_screen_section=&#8221;no&#8221; type=&#8221;full_width&#8221; angled_section=&#8221;no&#8221; text_align=&#8221;left&#8221; background_image_as_pattern=&#8221;without_pattern&#8221;][vc_column width=&#8221;1\/6&#8243;][\/vc_column][vc_column width=&#8221;2\/3&#8243;][vc_tabs style=&#8221;boxed&#8221;][vc_tab title=&#8221;DURACI\u00d3N:&#8221; tab_id=&#8221;b2e91165-cf9d-0&#8243;][vc_column_text] 3 a\u00f1os (6 semestres) [\/vc_column_text][\/vc_tab][vc_tab title=&#8221;DIRIGIDO A:&#8221; tab_id=&#8221;9655d8df-1986-9&#8243;][vc_column_text] Titulados en:&#8230;<\/p>\n","protected":false},"author":1,"featured_media":0,"parent":16363,"menu_order":0,"comment_status":"closed","ping_status":"closed","template":"","meta":{"footnotes":""},"_links":{"self":[{"href":"https:\/\/arpac.edu.mx\/archivos\/wp-json\/wp\/v2\/pages\/16546"}],"collection":[{"href":"https:\/\/arpac.edu.mx\/archivos\/wp-json\/wp\/v2\/pages"}],"about":[{"href":"https:\/\/arpac.edu.mx\/archivos\/wp-json\/wp\/v2\/types\/page"}],"author":[{"embeddable":true,"href":"https:\/\/arpac.edu.mx\/archivos\/wp-json\/wp\/v2\/users\/1"}],"replies":[{"embeddable":true,"href":"https:\/\/arpac.edu.mx\/archivos\/wp-json\/wp\/v2\/comments?post=16546"}],"version-history":[{"count":8,"href":"https:\/\/arpac.edu.mx\/archivos\/wp-json\/wp\/v2\/pages\/16546\/revisions"}],"predecessor-version":[{"id":16887,"href":"https:\/\/arpac.edu.mx\/archivos\/wp-json\/wp\/v2\/pages\/16546\/revisions\/16887"}],"up":[{"embeddable":true,"href":"https:\/\/arpac.edu.mx\/archivos\/wp-json\/wp\/v2\/pages\/16363"}],"wp:attachment":[{"href":"https:\/\/arpac.edu.mx\/archivos\/wp-json\/wp\/v2\/media?parent=16546"}],"curies":[{"name":"wp","href":"https:\/\/api.w.org\/{rel}","templated":true}]}}